{"id":1993,"date":"2026-03-24T17:35:10","date_gmt":"2026-03-24T17:35:10","guid":{"rendered":"https:\/\/colorconnection.ca\/?post_type=product&#038;p=1993"},"modified":"2026-03-24T20:16:41","modified_gmt":"2026-03-24T20:16:41","slug":"pages-de-coloriage-sur-la-demence-je-suis-calme-comme-une-fleur-en-floraison-connexion-de-coloriage","status":"publish","type":"product","link":"https:\/\/colorconnection.ca\/fr\/product\/dementia-coloring-pages-i-am-calm-like-a-flower-in-bloom-color-connection\/","title":{"rendered":"Pages \u00e0 colorier sur la d\u00e9mence - Je suis calme comme une fleur \u00e9panouie | Color Connection"},"content":{"rendered":"<p>Une activit\u00e9 de coloriage douce et adapt\u00e9e \u00e0 la d\u00e9mence, con\u00e7ue pour favoriser des moments de calme et d'engagement pour les personnes atteintes de d\u00e9mence et les aidants qui les soutiennent.<\/p>\n<p>Cette exp\u00e9rience d'affirmation imprimable comprend 9 pages de coloriage pr\u00e9sentant trois niveaux cognitifs de la m\u00eame sc\u00e8ne, ce qui permet \u00e0 l'activit\u00e9 de s'adapter naturellement \u00e0 l'\u00e9volution des niveaux de confort et d'engagement.<\/p>\n<p>Comprend des pages \u00e0 colorier et un guide d'accompagnement pour les soignants, con\u00e7u pour favoriser les moments de calme et de partage.<\/p>\n<p>Pr\u00e9visualisation d'une page mod\u00e8le<\/p>\n<p>\ud83c\udf3f <strong>Ce que comprennent ces pages de coloriage sur la d\u00e9mence :<br \/>\n<\/strong>- 9 pages de coloriage adapt\u00e9es aux personnes atteintes de d\u00e9mence<br \/>\n- 3 sc\u00e8nes pr\u00e9sent\u00e9es sur 3 niveaux cognitifs<br \/>\n- 1 page de coloriage sur la r\u00e9flexion des soignants<br \/>\n- Guide de l'accompagnateur (2 pages)<br \/>\n<strong>12 pages imprimables au total<\/strong><\/p>\n<p>\ud83e\udde0 <strong>Conception \u00e0 \u00e9chelle cognitive<br \/>\n<\/strong>Ces pages de coloriage imprimables sur la d\u00e9mence sont con\u00e7ues pour favoriser des moments calmes et significatifs gr\u00e2ce \u00e0 un simple coloriage et \u00e0 une connexion partag\u00e9e.<\/p>\n<p>Chaque affirmation est pr\u00e9sent\u00e9e \u00e0 travers\u00a0<strong>trois niveaux cognitifs<\/strong>, L'activit\u00e9 peut ainsi \u00eatre adapt\u00e9e au confort et \u00e0 l'engagement momentan\u00e9s de l'\u00eatre cher.<\/p>\n<ul>\n<li><strong>\u25cb\u25cb Niveau 1 - Engagement pr\u00e9coce en douceur<\/strong><br \/>\nDes contours audacieux et des sc\u00e8nes famili\u00e8res, enti\u00e8rement d\u00e9velopp\u00e9es avec plus de d\u00e9tails visuels. Con\u00e7u pour favoriser le coloriage autonome tout en offrant une exp\u00e9rience plus riche et plus attrayante. Id\u00e9al pour les moments o\u00f9 la concentration et l'expression cr\u00e9ative sont plus accessibles.<\/li>\n<li><strong>\u25cf\u25cb Niveau 2 - Flux pris en charge<\/strong><br \/>\nSc\u00e8nes simplifi\u00e9es avec des formes claires et reconnaissables qui fournissent une orientation visuelle douce. Con\u00e7u pour des s\u00e9ances de soutien o\u00f9 l'engagement est plus facile tout en conservant un sentiment d'ind\u00e9pendance. Id\u00e9al pour des moments partag\u00e9s qui semblent naturels plut\u00f4t qu'instructifs.<\/li>\n<li><strong>\u25cf\u25cf\u25cf Niveau 3 - Calme et concentration apaisante<\/strong><br \/>\nDes sc\u00e8nes tr\u00e8s simples et famili\u00e8res con\u00e7ues pour r\u00e9duire l'impression visuelle et faciliter l'entr\u00e9e dans l'activit\u00e9. Des formes claires et un minimum de d\u00e9tails permettent de s'engager confortablement sans pression.<br \/>\n<strong>\u25cb\u2665\u25cb : - Page de coloriage sur la r\u00e9flexion des soignants<br \/>\n<\/strong>Une page de coloriage con\u00e7ue pour les aidants qui peut \u00eatre appr\u00e9ci\u00e9e comme un moment personnel tranquille ou comme une activit\u00e9 partag\u00e9e avec leur proche.<\/li>\n<\/ul>\n<p style=\"text-align: center;\"><strong>Il n'y a pas de bonne ou de mauvaise fa\u00e7on de participer<br \/>\nseulement un point de d\u00e9part calme et accessible.<\/strong><\/p>\n<p>\ud83d\udc9b <strong>Pages \u00e0 colorier sur la d\u00e9mence con\u00e7ues pour les soignants<br \/>\n<\/strong>Ce livre est con\u00e7u pour :<\/p>\n<ul>\n<li>les aidants qui soutiennent une personne atteinte de d\u00e9mence<\/li>\n<li>les personnes \u00e0 la recherche d'activit\u00e9s calmes et cr\u00e9atives<\/li>\n<li>les environnements de soins de la m\u00e9moire et les structures d'aide \u00e0 la famille<\/li>\n<\/ul>\n<p>L'accent n'est pas mis sur la performance ou la m\u00e9moire, mais sur les moments de connexion partag\u00e9s.<\/p>\n<p>\ud83d\udca1 <strong>Aper\u00e7u de la recherche<br \/>\n<\/strong>Les recherches sur l'horticulture th\u00e9rapeutique sugg\u00e8rent que l'interaction avec les plantes et les environnements naturels peut favoriser la relaxation et le bien-\u00eatre \u00e9motionnel des personnes \u00e2g\u00e9es, y compris celles qui vivent avec une d\u00e9mence. L'imagerie naturelle et les jardins sont souvent incorpor\u00e9s dans les environnements de soins pour les personnes atteintes de d\u00e9mence afin de promouvoir un engagement calme.<\/p>\n<p>Soutenir un engagement quotidien significatif peut aider \u00e0 pr\u00e9server la confiance, \u00e0 r\u00e9duire la frustration et \u00e0 cr\u00e9er des moments de connexion entre les aidants et leurs proches.<\/p>\n<p><strong>Source :<\/strong> <a href=\"https:\/\/www.ahta.org\/horticultural-therapy\">Association am\u00e9ricaine de th\u00e9rapie horticole<\/a><\/p>\n<p>\ud83d\udce6 <strong>Livraison<br \/>\n<\/strong>Ce produit est livr\u00e9 sous la forme d'un t\u00e9l\u00e9chargement num\u00e9rique de pages de coloriage imprimables sur la d\u00e9mence.<br \/>\nLes fichiers sont disponibles imm\u00e9diatement apr\u00e8s l'achat et peuvent \u00eatre imprim\u00e9s \u00e0 la maison si n\u00e9cessaire.<br \/>\nAucun objet physique ne sera exp\u00e9di\u00e9.<\/p>\n<p>\u26a0\ufe0f <strong>Clause de non-responsabilit\u00e9<br \/>\n<\/strong>Les ressources de Color Connection sont con\u00e7ues pour favoriser l'engagement et le partage des activit\u00e9s.<br \/>\nCe ne sont pas des outils m\u00e9dicaux ou th\u00e9rapeutiques.<\/p>","protected":false},"excerpt":{"rendered":"<p data-start=\"771\" data-end=\"924\">Ces pages \u00e0 colorier sur la d\u00e9mence sont con\u00e7ues pour favoriser des moments de calme et d'engagement pour les personnes atteintes de d\u00e9mence et les aidants qui les soutiennent.<\/p>\n<p data-start=\"926\" data-end=\"1116\">Cette activit\u00e9 d'affirmation imprimable comprend des pages de coloriage sur la d\u00e9mence pr\u00e9sent\u00e9es sur trois niveaux cognitifs, ce qui permet \u00e0 l'activit\u00e9 de s'adapter naturellement \u00e0 l'\u00e9volution du confort et de l'engagement.<\/p>\n<p data-start=\"1118\" data-end=\"1237\">Chaque s\u00e9rie de pages \u00e0 colorier sur la d\u00e9mence comprend \u00e9galement un guide d'accompagnement pour les soignants, con\u00e7u pour favoriser les moments de partage en toute tranquillit\u00e9.<\/p>","protected":false},"featured_media":0,"comment_status":"open","ping_status":"closed","template":"","meta":{"nf_dc_page":"","_et_pb_use_builder":"","_et_pb_old_content":"","_et_gb_content_width":"","om_disable_all_campaigns":false,"_monsterinsights_skip_tracking":false,"_monsterinsights_sitenote_active":false,"_monsterinsights_sitenote_note":"","_monsterinsights_sitenote_category":0},"product_brand":[],"product_cat":[21],"product_tag":[],"class_list":{"0":"post-1993","1":"product","2":"type-product","3":"status-publish","5":"product_cat-dementia-coloring-pages","7":"first","8":"instock","9":"downloadable","10":"virtual","11":"purchasable","12":"product-type-simple"},"yoast_head":"<!-- This site is optimized with the Yoast SEO plugin v27.4 - https:\/\/yoast.com\/product\/yoast-seo-wordpress\/ -->\n<title>Connection - Color Connection<\/title>\n<meta name=\"description\" content=\"Download a dementia friendly coloring pages featuring calming garden coloring pages with affirmation and caregiver support for meaningful, shared moments.\" \/>\n<meta name=\"robots\" content=\"index, follow, max-snippet:-1, max-image-preview:large, max-video-preview:-1\" \/>\n<link rel=\"canonical\" href=\"https:\/\/colorconnection.ca\/fr\/produit\/pages-de-coloriage-sur-la-demence-je-suis-calme-comme-une-fleur-en-floraison-connexion-de-coloriage\/\" \/>\n<meta property=\"og:locale\" content=\"fr_CA\" \/>\n<meta property=\"og:type\" content=\"article\" \/>\n<meta property=\"og:title\" content=\"Connection - Color Connection\" \/>\n<meta property=\"og:description\" content=\"Download a dementia friendly coloring pages featuring calming garden coloring pages with affirmation and caregiver support for meaningful, shared moments.\" \/>\n<meta property=\"og:url\" content=\"https:\/\/colorconnection.ca\/fr\/produit\/pages-de-coloriage-sur-la-demence-je-suis-calme-comme-une-fleur-en-floraison-connexion-de-coloriage\/\" \/>\n<meta property=\"og:site_name\" content=\"Color Connection\" \/>\n<meta property=\"article:publisher\" content=\"https:\/\/www.facebook.com\/ColorConnectionCA\" \/>\n<meta property=\"article:modified_time\" content=\"2026-03-24T20:16:41+00:00\" \/>\n<meta name=\"twitter:card\" content=\"summary_large_image\" \/>\n<meta name=\"twitter:label1\" content=\"Estimation du temps de lecture\" \/>\n\t<meta name=\"twitter:data1\" content=\"3 minutes\" \/>\n<script type=\"application\/ld+json\" class=\"yoast-schema-graph\">{\"@context\":\"https:\\\/\\\/schema.org\",\"@graph\":[{\"@type\":\"WebPage\",\"@id\":\"https:\\\/\\\/colorconnection.ca\\\/product\\\/dementia-coloring-pages-i-am-calm-like-a-flower-in-bloom-color-connection\\\/\",\"url\":\"https:\\\/\\\/colorconnection.ca\\\/product\\\/dementia-coloring-pages-i-am-calm-like-a-flower-in-bloom-color-connection\\\/\",\"name\":\"Connection - Color Connection\",\"isPartOf\":{\"@id\":\"https:\\\/\\\/colorconnection.ca\\\/#website\"},\"datePublished\":\"2026-03-24T17:35:10+00:00\",\"dateModified\":\"2026-03-24T20:16:41+00:00\",\"description\":\"Download a dementia friendly coloring pages featuring calming garden coloring pages with affirmation and caregiver support for meaningful, shared moments.\",\"breadcrumb\":{\"@id\":\"https:\\\/\\\/colorconnection.ca\\\/product\\\/dementia-coloring-pages-i-am-calm-like-a-flower-in-bloom-color-connection\\\/#breadcrumb\"},\"inLanguage\":\"fr-CA\",\"potentialAction\":[{\"@type\":\"ReadAction\",\"target\":[\"https:\\\/\\\/colorconnection.ca\\\/product\\\/dementia-coloring-pages-i-am-calm-like-a-flower-in-bloom-color-connection\\\/\"]}]},{\"@type\":\"BreadcrumbList\",\"@id\":\"https:\\\/\\\/colorconnection.ca\\\/product\\\/dementia-coloring-pages-i-am-calm-like-a-flower-in-bloom-color-connection\\\/#breadcrumb\",\"itemListElement\":[{\"@type\":\"ListItem\",\"position\":1,\"name\":\"Home\",\"item\":\"https:\\\/\\\/colorconnection.ca\\\/\"},{\"@type\":\"ListItem\",\"position\":2,\"name\":\"Shop\",\"item\":\"https:\\\/\\\/colorconnection.ca\\\/shop\\\/\"},{\"@type\":\"ListItem\",\"position\":3,\"name\":\"Dementia Coloring Pages \u2013 I Am Calm Like a Flower in Bloom | Color Connection\"}]},{\"@type\":\"WebSite\",\"@id\":\"https:\\\/\\\/colorconnection.ca\\\/#website\",\"url\":\"https:\\\/\\\/colorconnection.ca\\\/\",\"name\":\"Color Connection\",\"description\":\"\",\"publisher\":{\"@id\":\"https:\\\/\\\/colorconnection.ca\\\/#organization\"},\"potentialAction\":[{\"@type\":\"SearchAction\",\"target\":{\"@type\":\"EntryPoint\",\"urlTemplate\":\"https:\\\/\\\/colorconnection.ca\\\/?s={search_term_string}\"},\"query-input\":{\"@type\":\"PropertyValueSpecification\",\"valueRequired\":true,\"valueName\":\"search_term_string\"}}],\"inLanguage\":\"fr-CA\"},{\"@type\":\"Organization\",\"@id\":\"https:\\\/\\\/colorconnection.ca\\\/#organization\",\"name\":\"Color Connection\",\"url\":\"https:\\\/\\\/colorconnection.ca\\\/\",\"logo\":{\"@type\":\"ImageObject\",\"inLanguage\":\"fr-CA\",\"@id\":\"https:\\\/\\\/colorconnection.ca\\\/#\\\/schema\\\/logo\\\/image\\\/\",\"url\":\"https:\\\/\\\/colorconnection.ca\\\/wp-content\\\/uploads\\\/2025\\\/11\\\/ChatGPT-Image-Nov-27-2025-07_05_41-AM.webp\",\"contentUrl\":\"https:\\\/\\\/colorconnection.ca\\\/wp-content\\\/uploads\\\/2025\\\/11\\\/ChatGPT-Image-Nov-27-2025-07_05_41-AM.webp\",\"width\":1024,\"height\":1024,\"caption\":\"Color Connection\"},\"image\":{\"@id\":\"https:\\\/\\\/colorconnection.ca\\\/#\\\/schema\\\/logo\\\/image\\\/\"},\"sameAs\":[\"https:\\\/\\\/www.facebook.com\\\/ColorConnectionCA\",\"https:\\\/\\\/www.instagram.com\\\/colorconnectionca\\\/\",\"https:\\\/\\\/ca.pinterest.com\\\/ColorConnectionCA\\\/\"]}]}<\/script>\n<!-- \/ Yoast SEO plugin. -->","yoast_head_json":{"title":"Connexion - Connexion des couleurs","description":"T\u00e9l\u00e9chargez des pages de coloriage adapt\u00e9es aux personnes atteintes de d\u00e9mence, avec des pages de coloriage de jardins apaisants, des affirmations et le soutien de l'aidant pour des moments partag\u00e9s et significatifs.","robots":{"index":"index","follow":"follow","max-snippet":"max-snippet:-1","max-image-preview":"max-image-preview:large","max-video-preview":"max-video-preview:-1"},"canonical":"https:\/\/colorconnection.ca\/fr\/produit\/pages-de-coloriage-sur-la-demence-je-suis-calme-comme-une-fleur-en-floraison-connexion-de-coloriage\/","og_locale":"fr_CA","og_type":"article","og_title":"Connection - Color Connection","og_description":"Download a dementia friendly coloring pages featuring calming garden coloring pages with affirmation and caregiver support for meaningful, shared moments.","og_url":"https:\/\/colorconnection.ca\/fr\/produit\/pages-de-coloriage-sur-la-demence-je-suis-calme-comme-une-fleur-en-floraison-connexion-de-coloriage\/","og_site_name":"Color Connection","article_publisher":"https:\/\/www.facebook.com\/ColorConnectionCA","article_modified_time":"2026-03-24T20:16:41+00:00","twitter_card":"summary_large_image","twitter_misc":{"Estimation du temps de lecture":"3 minutes"},"schema":{"@context":"https:\/\/schema.org","@graph":[{"@type":"WebPage","@id":"https:\/\/colorconnection.ca\/product\/dementia-coloring-pages-i-am-calm-like-a-flower-in-bloom-color-connection\/","url":"https:\/\/colorconnection.ca\/product\/dementia-coloring-pages-i-am-calm-like-a-flower-in-bloom-color-connection\/","name":"Connexion - Connexion des couleurs","isPartOf":{"@id":"https:\/\/colorconnection.ca\/#website"},"datePublished":"2026-03-24T17:35:10+00:00","dateModified":"2026-03-24T20:16:41+00:00","description":"T\u00e9l\u00e9chargez des pages de coloriage adapt\u00e9es aux personnes atteintes de d\u00e9mence, avec des pages de coloriage de jardins apaisants, des affirmations et le soutien de l'aidant pour des moments partag\u00e9s et significatifs.","breadcrumb":{"@id":"https:\/\/colorconnection.ca\/product\/dementia-coloring-pages-i-am-calm-like-a-flower-in-bloom-color-connection\/#breadcrumb"},"inLanguage":"fr-CA","potentialAction":[{"@type":"ReadAction","target":["https:\/\/colorconnection.ca\/product\/dementia-coloring-pages-i-am-calm-like-a-flower-in-bloom-color-connection\/"]}]},{"@type":"BreadcrumbList","@id":"https:\/\/colorconnection.ca\/product\/dementia-coloring-pages-i-am-calm-like-a-flower-in-bloom-color-connection\/#breadcrumb","itemListElement":[{"@type":"ListItem","position":1,"name":"Home","item":"https:\/\/colorconnection.ca\/"},{"@type":"ListItem","position":2,"name":"Shop","item":"https:\/\/colorconnection.ca\/shop\/"},{"@type":"ListItem","position":3,"name":"Dementia Coloring Pages \u2013 I Am Calm Like a Flower in Bloom | Color Connection"}]},{"@type":"WebSite","@id":"https:\/\/colorconnection.ca\/#website","url":"https:\/\/colorconnection.ca\/","name":"Connexion des couleurs","description":"","publisher":{"@id":"https:\/\/colorconnection.ca\/#organization"},"potentialAction":[{"@type":"SearchAction","target":{"@type":"EntryPoint","urlTemplate":"https:\/\/colorconnection.ca\/?s={search_term_string}"},"query-input":{"@type":"PropertyValueSpecification","valueRequired":true,"valueName":"search_term_string"}}],"inLanguage":"fr-CA"},{"@type":"Organization","@id":"https:\/\/colorconnection.ca\/#organization","name":"Connexion des couleurs","url":"https:\/\/colorconnection.ca\/","logo":{"@type":"ImageObject","inLanguage":"fr-CA","@id":"https:\/\/colorconnection.ca\/#\/schema\/logo\/image\/","url":"https:\/\/colorconnection.ca\/wp-content\/uploads\/2025\/11\/ChatGPT-Image-Nov-27-2025-07_05_41-AM.webp","contentUrl":"https:\/\/colorconnection.ca\/wp-content\/uploads\/2025\/11\/ChatGPT-Image-Nov-27-2025-07_05_41-AM.webp","width":1024,"height":1024,"caption":"Color Connection"},"image":{"@id":"https:\/\/colorconnection.ca\/#\/schema\/logo\/image\/"},"sameAs":["https:\/\/www.facebook.com\/ColorConnectionCA","https:\/\/www.instagram.com\/colorconnectionca\/","https:\/\/ca.pinterest.com\/ColorConnectionCA\/"]}]}},"jetpack_sharing_enabled":true,"jetpack-related-posts":[{"id":2033,"url":"https:\/\/colorconnection.ca\/fr\/product\/dementia-coloring-pages-i-breathe-easy-in-the-garden-color-connection\/","url_meta":{"origin":1993,"position":0},"title":"Pages \u00e0 colorier sur la d\u00e9mence - Je respire facilement dans le jardin | Color Connection","author":"Color Connection","date":"mars 24, 2026","format":false,"excerpt":"These dementia coloring pages are designed to support calm moments of engagement for people living with dementia and the caregivers who support them. This printable affirmation activity includes dementia coloring pages presented across three cognitive levels, allowing the activity to adapt naturally to changing comfort and engagement. Each set of\u2026","rel":"","context":"Similar post","block_context":{"text":"Similar post","link":""},"img":{"alt_text":"","src":"https:\/\/i0.wp.com\/colorconnection.ca\/wp-content\/uploads\/2026\/03\/CC-NC-SA-02-C.png?fit=878%2C1200&ssl=1&resize=350%2C200","width":350,"height":200,"srcset":"https:\/\/i0.wp.com\/colorconnection.ca\/wp-content\/uploads\/2026\/03\/CC-NC-SA-02-C.png?fit=878%2C1200&ssl=1&resize=350%2C200 1x, https:\/\/i0.wp.com\/colorconnection.ca\/wp-content\/uploads\/2026\/03\/CC-NC-SA-02-C.png?fit=878%2C1200&ssl=1&resize=525%2C300 1.5x, https:\/\/i0.wp.com\/colorconnection.ca\/wp-content\/uploads\/2026\/03\/CC-NC-SA-02-C.png?fit=878%2C1200&ssl=1&resize=700%2C400 2x"},"classes":[]},{"id":2047,"url":"https:\/\/colorconnection.ca\/fr\/product\/dementia-coloring-pages-i-am-gentle-like-a-butterfly-color-connection\/","url_meta":{"origin":1993,"position":1},"title":"Pages \u00e0 colorier sur la d\u00e9mence - Je suis doux comme un papillon | Color Connection","author":"Color Connection","date":"mars 24, 2026","format":false,"excerpt":"A gentle dementia-friendly coloring activity designed to support calm moments of engagement for people living with dementia and the caregivers who support them. This printable affirmation experience includes 9 coloring pages featuring three cognitive levels of the same scene, allowing the activity to adapt naturally to changing comfort and engagement\u2026","rel":"","context":"Similar post","block_context":{"text":"Similar post","link":""},"img":{"alt_text":"","src":"https:\/\/i0.wp.com\/colorconnection.ca\/wp-content\/uploads\/2026\/03\/CC-NC-SA01-C.webp?fit=800%2C1200&ssl=1&resize=350%2C200","width":350,"height":200,"srcset":"https:\/\/i0.wp.com\/colorconnection.ca\/wp-content\/uploads\/2026\/03\/CC-NC-SA01-C.webp?fit=800%2C1200&ssl=1&resize=350%2C200 1x, https:\/\/i0.wp.com\/colorconnection.ca\/wp-content\/uploads\/2026\/03\/CC-NC-SA01-C.webp?fit=800%2C1200&ssl=1&resize=525%2C300 1.5x, https:\/\/i0.wp.com\/colorconnection.ca\/wp-content\/uploads\/2026\/03\/CC-NC-SA01-C.webp?fit=800%2C1200&ssl=1&resize=700%2C400 2x"},"classes":[]},{"id":2036,"url":"https:\/\/colorconnection.ca\/fr\/product\/dementia-coloring-pages-birds-glide-gently-above-me-color-connection\/","url_meta":{"origin":1993,"position":2},"title":"Pages \u00e0 colorier sur la d\u00e9mence - Birds Glide Gently Above Me | Color Connection","author":"Color Connection","date":"mars 24, 2026","format":false,"excerpt":"A gentle dementia-friendly coloring activity designed to support calm moments of engagement for people living with dementia and the caregivers who support them. This printable affirmation experience includes 9 coloring pages featuring three cognitive levels of the same scene, allowing the activity to adapt naturally to changing comfort and engagement\u2026","rel":"","context":"Similar post","block_context":{"text":"Similar post","link":""},"img":{"alt_text":"","src":"https:\/\/i0.wp.com\/colorconnection.ca\/wp-content\/uploads\/2026\/03\/CC-NC-SA-03-C.png?fit=918%2C1200&ssl=1&resize=350%2C200","width":350,"height":200,"srcset":"https:\/\/i0.wp.com\/colorconnection.ca\/wp-content\/uploads\/2026\/03\/CC-NC-SA-03-C.png?fit=918%2C1200&ssl=1&resize=350%2C200 1x, https:\/\/i0.wp.com\/colorconnection.ca\/wp-content\/uploads\/2026\/03\/CC-NC-SA-03-C.png?fit=918%2C1200&ssl=1&resize=525%2C300 1.5x, https:\/\/i0.wp.com\/colorconnection.ca\/wp-content\/uploads\/2026\/03\/CC-NC-SA-03-C.png?fit=918%2C1200&ssl=1&resize=700%2C400 2x"},"classes":[]},{"id":2051,"url":"https:\/\/colorconnection.ca\/fr\/product\/dementia-coloring-pages-this-moment-is-quiet-in-the-garden-color-connection\/","url_meta":{"origin":1993,"position":3},"title":"Pages \u00e0 colorier sur la d\u00e9mence - Ce moment est calme dans le jardin | Color Connection","author":"Color Connection","date":"mars 24, 2026","format":false,"excerpt":"A gentle dementia-friendly coloring activity designed to support calm moments of engagement for people living with dementia and the caregivers who support them. This printable affirmation experience includes 9 coloring pages featuring three cognitive levels of the same scene, allowing the activity to adapt naturally to changing comfort and engagement\u2026","rel":"","context":"Similar post","block_context":{"text":"Similar post","link":""},"img":{"alt_text":"","src":"","width":0,"height":0},"classes":[]},{"id":1974,"url":"https:\/\/colorconnection.ca\/fr\/product\/dementia-coloring-pages-nature-calm-affirmation-book-color-connection\/","url_meta":{"origin":1993,"position":4},"title":"Pages \u00e0 colorier sur la d\u00e9mence - Nature &amp; Calm Affirmation Book | Color Connection","author":"Color Connection","date":"mars 24, 2026","format":false,"excerpt":"A dementia-friendly coloring book designed to support calm, connection, and meaningful engagement. Each affirmation is presented across three cognitive levels, allowing caregivers to adapt the experience to the moment. Includes 6 affirmations, cognitive-scaled coloring pages, and companion guides to support shared quiet moments. Preview a Sample Page","rel":"","context":"Similar post","block_context":{"text":"Similar post","link":""},"img":{"alt_text":"","src":"https:\/\/i0.wp.com\/colorconnection.ca\/wp-content\/uploads\/2026\/03\/CC-NC-B-C-1.webp?fit=800%2C1200&ssl=1&resize=350%2C200","width":350,"height":200,"srcset":"https:\/\/i0.wp.com\/colorconnection.ca\/wp-content\/uploads\/2026\/03\/CC-NC-B-C-1.webp?fit=800%2C1200&ssl=1&resize=350%2C200 1x, https:\/\/i0.wp.com\/colorconnection.ca\/wp-content\/uploads\/2026\/03\/CC-NC-B-C-1.webp?fit=800%2C1200&ssl=1&resize=525%2C300 1.5x, https:\/\/i0.wp.com\/colorconnection.ca\/wp-content\/uploads\/2026\/03\/CC-NC-B-C-1.webp?fit=800%2C1200&ssl=1&resize=700%2C400 2x"},"classes":[]},{"id":1971,"url":"https:\/\/colorconnection.ca\/fr\/product\/dementia-activity-bundle-freedom-stillness-coloring-pages-color-connection\/","url_meta":{"origin":1993,"position":5},"title":"Ensemble d'activit\u00e9s pour la d\u00e9mence - Libert\u00e9 et tranquillit\u00e9 | Color Connection","author":"Color Connection","date":"mars 24, 2026","format":false,"excerpt":"A printable dementia activity bundle designed to support calm, meaningful moments through gentle coloring and shared connection. This Freedom & Stillness bundle includes two affirmation-based coloring sets (18 coloring pages total). Each set is offered across three cognitive levels, along with caregiver companion guides to help you engage without pressure\u2026","rel":"","context":"Similar post","block_context":{"text":"Similar post","link":""},"img":{"alt_text":"alt=\"dementia activity bundle coloring pages\"","src":"https:\/\/i0.wp.com\/colorconnection.ca\/wp-content\/uploads\/2026\/03\/CC-NC-MB-03-C.webp?fit=800%2C1200&ssl=1&resize=350%2C200","width":350,"height":200,"srcset":"https:\/\/i0.wp.com\/colorconnection.ca\/wp-content\/uploads\/2026\/03\/CC-NC-MB-03-C.webp?fit=800%2C1200&ssl=1&resize=350%2C200 1x, https:\/\/i0.wp.com\/colorconnection.ca\/wp-content\/uploads\/2026\/03\/CC-NC-MB-03-C.webp?fit=800%2C1200&ssl=1&resize=525%2C300 1.5x, https:\/\/i0.wp.com\/colorconnection.ca\/wp-content\/uploads\/2026\/03\/CC-NC-MB-03-C.webp?fit=800%2C1200&ssl=1&resize=700%2C400 2x"},"classes":[]}],"_links":{"self":[{"href":"https:\/\/colorconnection.ca\/fr\/wp-json\/wp\/v2\/product\/1993","targetHints":{"allow":["GET"]}}],"collection":[{"href":"https:\/\/colorconnection.ca\/fr\/wp-json\/wp\/v2\/product"}],"about":[{"href":"https:\/\/colorconnection.ca\/fr\/wp-json\/wp\/v2\/types\/product"}],"replies":[{"embeddable":true,"href":"https:\/\/colorconnection.ca\/fr\/wp-json\/wp\/v2\/comments?post=1993"}],"wp:attachment":[{"href":"https:\/\/colorconnection.ca\/fr\/wp-json\/wp\/v2\/media?parent=1993"}],"wp:term":[{"taxonomy":"product_brand","embeddable":true,"href":"https:\/\/colorconnection.ca\/fr\/wp-json\/wp\/v2\/product_brand?post=1993"},{"taxonomy":"product_cat","embeddable":true,"href":"https:\/\/colorconnection.ca\/fr\/wp-json\/wp\/v2\/product_cat?post=1993"},{"taxonomy":"product_tag","embeddable":true,"href":"https:\/\/colorconnection.ca\/fr\/wp-json\/wp\/v2\/product_tag?post=1993"}],"curies":[{"name":"wp","href":"https:\/\/api.w.org\/{rel}","templated":true}]}}